{"id":2305,"date":"2024-03-24T10:03:00","date_gmt":"2024-03-24T09:03:00","guid":{"rendered":"https:\/\/loseproduction.com\/contacto\/"},"modified":"2024-07-01T12:57:28","modified_gmt":"2024-07-01T10:57:28","slug":"contact","status":"publish","type":"page","link":"https:\/\/loseproduction.com\/en\/contact\/","title":{"rendered":"Contact"},"content":{"rendered":"<!--themify_builder_content-->\n<div id=\"themify_builder_content-2305\" data-postid=\"2305\" class=\"themify_builder_content themify_builder_content-2305 themify_builder tf_clear\">\n                    <div  data-lazy=\"1\" class=\"module_row themify_builder_row tb_373i464 tb_first tf_w\">\n                        <div class=\"row_inner col_align_top tb_col_count_1 tf_box tf_rel\">\n                        <div  data-lazy=\"1\" class=\"module_column tb-column col-full tb_l0mm467 first\">\n                    <!-- module text -->\n<div  class=\"module module-text tb_sjiq244   \" data-lazy=\"1\">\n        <div  class=\"tb_text_wrap\">\n        <h1>Contact<\/h1>    <\/div>\n<\/div>\n<!-- \/module text -->        <\/div>\n                        <\/div>\n        <\/div>\n                        <div  data-lazy=\"1\" class=\"module_row themify_builder_row tb_o8k4878 tf_w\">\n                        <div class=\"row_inner col_align_top tb_col_count_1 tf_box tf_rel\">\n                        <div  data-lazy=\"1\" class=\"module_column tb-column col-full tb_v2f3880 first\">\n                    <!-- module text -->\n<div  class=\"module module-text tb_ezkx677   \" data-lazy=\"1\">\n        <div  class=\"tb_text_wrap\">\n        <h4>email:<\/h4>\n<p><a href=\"mailto:Info@loseproduction.com\" target=\"_blank\" rel=\"noopener\">Info@loseproduction.com<\/a><\/p>    <\/div>\n<\/div>\n<!-- \/module text --><!-- module plain text -->\n<div  class=\"module module-plain-text tb_4bu8392 \" data-lazy=\"1\">\n        <div class=\"tb_text_wrap\">\n    <span style=\"text-align: center;\"><a class=\"ctelefono boton desktop\" href=\"\/en\/telefono\">\r\n<button class=\"ctelefono\">Call us<\/button><\/a>\r\n<a class=\"ctelefono boton movil\" href=\"tel:+34685720563\"><button class=\"ctelefono\">Call us<\/button><\/a><\/span>    <\/div>\n<\/div>\n<!-- \/module plain text --><!-- module plain text -->\n<div  class=\"module module-plain-text tb_vxyw21 \" data-lazy=\"1\">\n        <div class=\"tb_text_wrap\">\n    <p style=\"text-align: center;\"><a class=\"cwhatsapp\" href=\"https:\/\/api.whatsapp.com\/send?phone=34685720563&amp;text=\">\n<button class=\"cwhatsapp\">Whatsapp<\/button><\/a><\/p>    <\/div>\n<\/div>\n<!-- \/module plain text -->        <\/div>\n                        <\/div>\n        <\/div>\n                        <div  data-css_id=\"wqzp100\" data-lazy=\"1\" class=\"module_row themify_builder_row fullwidth tb_wqzp100 tf_w\">\n                        <div class=\"row_inner col_align_top tb_col_count_1 tf_box tf_rel\">\n                        <div  data-lazy=\"1\" class=\"module_column tb-column col-full tb_klh0100 first\">\n                    <!-- module template_part -->\n<div  class=\"module module-layout-part tb_csg8389 \">\n    <div class=\"tb_layout_part_wrap tf_w\"><!--themify_builder_content-->\n    <div  class=\"themify_builder_content themify_builder_content-2267 themify_builder not_editable_builder in_the_loop\" data-postid=\"2267\">\n                        <div  data-css_id=\"toe2900\" data-lazy=\"1\" class=\"module_row themify_builder_row fullwidth_row_container tb_toe2900 tf_w\">\n                        <div class=\"row_inner col_align_top tb_col_count_1 tf_box tf_rel\">\n                        <div  data-lazy=\"1\" class=\"module_column tb-column col-full tb_fkr4050 first\">\n                            <div  data-lazy=\"1\" class=\"module_subrow themify_builder_sub_row tf_w col_align_top tb_col_count_2 tb_shtf505\">\n                <div  data-lazy=\"1\" class=\"module_column sub_column col4-2 tb_jn8o599 first\">\n                    <!-- module fancy heading -->\n<div  class=\"module module-fancy-heading tb_dexc520  tb_hide_divider\" data-lazy=\"1\">\n        <h1 class=\"fancy-heading\">\n    <span class=\"main-head tf_block\">\n                    Contact            <\/span>\n\n    \n    <span class=\"sub-head tf_block tf_rel\">\n                                <\/span>\n    <\/h1>\n<\/div>\n<!-- \/module fancy heading -->\n        <\/div>\n                    <div  data-lazy=\"1\" class=\"module_column sub_column col4-2 tb_6jrx059 last\">\n                            <\/div>\n                    <\/div>\n        <!-- module plain text -->\n<div  class=\"module module-plain-text tb_3hcy507 \" data-lazy=\"1\">\n        <div class=\"tb_text_wrap\">\n    \n<div class=\"wpcf7 no-js\" id=\"wpcf7-f2348-o1\" lang=\"en-US\" dir=\"ltr\">\n<div class=\"screen-reader-response\"><p role=\"status\" aria-live=\"polite\" aria-atomic=\"true\"><\/p> <ul><\/ul><\/div>\n<form action=\"\/en\/wp-json\/wp\/v2\/pages\/2305#wpcf7-f2348-o1\" method=\"post\" class=\"wpcf7-form init\" aria-label=\"Contact form\" novalidate=\"novalidate\" data-status=\"init\">\n<div style=\"display: none;\">\n<input type=\"hidden\" name=\"_wpcf7\" value=\"2348\" \/>\n<input type=\"hidden\" name=\"_wpcf7_version\" value=\"5.9.3\" \/>\n<input type=\"hidden\" name=\"_wpcf7_locale\" value=\"en_US\" \/>\n<input type=\"hidden\" name=\"_wpcf7_unit_tag\" value=\"wpcf7-f2348-o1\" \/>\n<input type=\"hidden\" name=\"_wpcf7_container_post\" value=\"0\" \/>\n<input type=\"hidden\" name=\"_wpcf7_posted_data_hash\" value=\"\" \/>\n<input type=\"hidden\" name=\"_wpcf7cf_hidden_group_fields\" value=\"[]\" \/>\n<input type=\"hidden\" name=\"_wpcf7cf_hidden_groups\" value=\"[]\" \/>\n<input type=\"hidden\" name=\"_wpcf7cf_visible_groups\" value=\"[]\" \/>\n<input type=\"hidden\" name=\"_wpcf7cf_repeaters\" value=\"[]\" \/>\n<input type=\"hidden\" name=\"_wpcf7cf_steps\" value=\"{}\" \/>\n<input type=\"hidden\" name=\"_wpcf7cf_options\" value=\"{&quot;form_id&quot;:2348,&quot;conditions&quot;:[{&quot;then_field&quot;:&quot;-1&quot;,&quot;and_rules&quot;:[{&quot;if_field&quot;:&quot;cond&quot;,&quot;operator&quot;:&quot;equals&quot;,&quot;if_value&quot;:&quot;1&quot;}]}],&quot;settings&quot;:{&quot;animation&quot;:&quot;yes&quot;,&quot;animation_intime&quot;:200,&quot;animation_outtime&quot;:200,&quot;conditions_ui&quot;:&quot;normal&quot;,&quot;notice_dismissed&quot;:false,&quot;notice_dismissed_rollback-cf7-5.8.5&quot;:true}}\" \/>\n<input type=\"hidden\" name=\"_wpcf7_recaptcha_response\" value=\"\" \/>\n<\/div>\n<p><label><br \/>\n<span class=\"wpcf7-form-control-wrap\" data-name=\"your-name\"><input size=\"40\" class=\"wpcf7-form-control wpcf7-text wpcf7-validates-as-required\" aria-required=\"true\" aria-invalid=\"false\" placeholder=\"Nombre*\" value=\"\" type=\"text\" name=\"your-name\" \/><\/span> <\/label><br \/>\n<label><br \/>\n<span class=\"wpcf7-form-control-wrap\" data-name=\"your-email\"><input size=\"40\" class=\"wpcf7-form-control wpcf7-email wpcf7-validates-as-required wpcf7-text wpcf7-validates-as-email\" aria-required=\"true\" aria-invalid=\"false\" placeholder=\"Correo electronico*\" value=\"\" type=\"email\" name=\"your-email\" \/><\/span> <\/label>\n<\/p>\n<p><label><br \/>\n<span class=\"wpcf7-form-control-wrap\" data-name=\"telefon\"><input size=\"40\" class=\"wpcf7-form-control wpcf7-tel wpcf7-text wpcf7-validates-as-tel\" aria-invalid=\"false\" placeholder=\"Tel\u00e9fono\" value=\"\" type=\"tel\" name=\"telefon\" \/><\/span> <\/label>\n<\/p>\n<p><label><br \/>\n<span class=\"wpcf7-form-control-wrap\" data-name=\"mensaje\"><textarea cols=\"40\" rows=\"10\" class=\"wpcf7-form-control wpcf7-textarea\" aria-invalid=\"false\" placeholder=\"Mensaje\" name=\"mensaje\"><\/textarea><\/span> <\/label>\n<\/p>\n<div class=\"form-style\" style=\"font-size: 0.8em;\">\n\t<p><span class=\"wpcf7-form-control-wrap\" data-name=\"datos\"><span class=\"wpcf7-form-control wpcf7-checkbox wpcf7-validates-as-required\"><span class=\"wpcf7-list-item first last\"><label><input type=\"checkbox\" name=\"datos[]\" value=\"Deseo recibir env\u00edo de comunicaciones electr\u00f3nicas informativas relativas a las actividades, productos o servicios por correo electr\u00f3nico, postal o fax.\" \/><span class=\"wpcf7-list-item-label\">Deseo recibir env\u00edo de comunicaciones electr\u00f3nicas informativas relativas a las actividades, productos o servicios por correo electr\u00f3nico, postal o fax.<\/span><\/label><\/span><\/span><\/span>\n\t<\/p>\n\t<p><label><br \/>\n<span class=\"wpcf7-form-control-wrap\" data-name=\"cond\"><span class=\"wpcf7-form-control wpcf7-acceptance\"><span class=\"wpcf7-list-item\"><input type=\"checkbox\" name=\"cond\" value=\"1\" aria-invalid=\"false\" \/><\/span><\/span><\/span> He le\u00eddo y acepto el <a href=\"\/aviso-legal\" target=\"_blank\">Aviso Legal<\/a> y la <a href=\"\/politica-de-privacidad\" target=\"_blank\">Pol\u00edtica de Privacidad<\/a><br \/>\n<\/label>\n\t<\/p>\n\t<p><input class=\"wpcf7-form-control wpcf7-submit has-spinner\" type=\"submit\" value=\"Enviar\" \/>\n\t<\/p>\n<\/div>\n<style>\n.wpcf7-form-control-wrap label {\n display: inline; \/* evita saltos de l\u00ednea indeseados *\/\n font-weight: normal; \/* mantiene la misma apariencia *\/\n}\n.sr-only {\n position: absolute;\n width: 1px;\n height: 1px;\n padding: 0;\n overflow: hidden;\n clip: rect(0, 0, 0, 0);\n white-space: nowrap;\n border: 0;\n}\n\n.form-group {\n margin-bottom: 10px; \/* ajusta este valor seg\u00fan el dise\u00f1o *\/\n}\n\n.form-group label.sr-only {\n display: none; \/* elimina completamente el espacio ocupado *\/\n}\n\n.form-group p, .form-style p{\nmargin:0!important;\n}\n<\/style><div class=\"wpcf7-response-output\" aria-hidden=\"true\"><\/div>\n<\/form>\n<\/div>\n    <\/div>\n<\/div>\n<!-- \/module plain text -->        <\/div>\n                        <\/div>\n        <\/div>\n            <\/div>\n<!--\/themify_builder_content--><\/div>\n<\/div>\n<!-- \/module template_part -->        <\/div>\n                        <\/div>\n        <\/div>\n        <\/div>\n<!--\/themify_builder_content-->","protected":false},"excerpt":{"rendered":"<p>Contact<\/p>\n","protected":false},"author":3,"featured_media":0,"parent":0,"menu_order":0,"comment_status":"closed","ping_status":"closed","template":"","meta":{"_eb_attr":"","footnotes":""},"class_list":["post-2305","page","type-page","status-publish","hentry","has-post-title","has-post-date","has-post-category","has-post-tag","has-post-comment","has-post-author",""],"yoast_head":"<!-- This site is optimized with the Yoast SEO plugin v22.5 - https:\/\/yoast.com\/wordpress\/plugins\/seo\/ -->\n<title>Contact | Lose Production<\/title>\n<meta name=\"description\" content=\"Compra Contact con Lose Production | Banco de semillas de marihuana con amplio cat\u00e1logo de productos. \u00a1Solicita informaci\u00f3n!\" \/>\n<meta name=\"robots\" content=\"index, follow, max-snippet:-1, max-image-preview:large, max-video-preview:-1\" \/>\n<link rel=\"canonical\" href=\"https:\/\/loseproduction.com\/en\/contact\/\" \/>\n<meta property=\"og:locale\" content=\"en_US\" \/>\n<meta property=\"og:type\" content=\"article\" \/>\n<meta property=\"og:title\" content=\"Contact | Lose Production\" \/>\n<meta property=\"og:description\" content=\"Compra Contact con Lose Production | Banco de semillas de marihuana con amplio cat\u00e1logo de productos. \u00a1Solicita informaci\u00f3n!\" \/>\n<meta property=\"og:url\" content=\"https:\/\/loseproduction.com\/en\/contact\/\" \/>\n<meta property=\"og:site_name\" content=\"Lose Production\" \/>\n<meta property=\"article:modified_time\" content=\"2024-07-01T10:57:28+00:00\" \/>\n<meta property=\"og:image\" content=\"https:\/\/loseproduction.com\/wp-content\/uploads\/2024\/03\/cannabis-marijuana-leaf-closeup-scaled.jpg\" \/>\n\t<meta property=\"og:image:width\" content=\"2560\" \/>\n\t<meta property=\"og:image:height\" content=\"1707\" \/>\n\t<meta property=\"og:image:type\" content=\"image\/jpeg\" \/>\n<meta name=\"twitter:card\" content=\"summary_large_image\" \/>\n<meta name=\"twitter:label1\" content=\"Est. reading time\" \/>\n\t<meta name=\"twitter:data1\" content=\"1 minute\" \/>\n<script type=\"application\/ld+json\" class=\"yoast-schema-graph\">{\"@context\":\"https:\/\/schema.org\",\"@graph\":[{\"@type\":\"WebPage\",\"@id\":\"https:\/\/loseproduction.com\/en\/contact\/\",\"url\":\"https:\/\/loseproduction.com\/en\/contact\/\",\"name\":\"Contact | Lose Production\",\"isPartOf\":{\"@id\":\"https:\/\/loseproduction.com\/en\/#website\"},\"datePublished\":\"2024-03-24T09:03:00+00:00\",\"dateModified\":\"2024-07-01T10:57:28+00:00\",\"description\":\"Compra Contact con Lose Production | Banco de semillas de marihuana con amplio cat\u00e1logo de productos. \u00a1Solicita informaci\u00f3n!\",\"breadcrumb\":{\"@id\":\"https:\/\/loseproduction.com\/en\/contact\/#breadcrumb\"},\"inLanguage\":\"en-US\",\"potentialAction\":[{\"@type\":\"ReadAction\",\"target\":[\"https:\/\/loseproduction.com\/en\/contact\/\"]}]},{\"@type\":\"BreadcrumbList\",\"@id\":\"https:\/\/loseproduction.com\/en\/contact\/#breadcrumb\",\"itemListElement\":[{\"@type\":\"ListItem\",\"position\":1,\"name\":\"Portada\",\"item\":\"https:\/\/loseproduction.com\/en\/\"},{\"@type\":\"ListItem\",\"position\":2,\"name\":\"Contact\"}]},{\"@type\":\"WebSite\",\"@id\":\"https:\/\/loseproduction.com\/en\/#website\",\"url\":\"https:\/\/loseproduction.com\/en\/\",\"name\":\"Lose Production: Banco de semillas de Marihuana\",\"description\":\"Banco de semillas de Marihuana: Preservando la diversidad gen\u00e9tica del cannabis: Acceso garantizado a semillas de primera calidad en nuestro Banco de Semillas de Cannabis.\",\"publisher\":{\"@id\":\"https:\/\/loseproduction.com\/en\/#organization\"},\"alternateName\":\"Lose Production\",\"potentialAction\":[{\"@type\":\"SearchAction\",\"target\":{\"@type\":\"EntryPoint\",\"urlTemplate\":\"https:\/\/loseproduction.com\/en\/?s={search_term_string}\"},\"query-input\":\"required name=search_term_string\"}],\"inLanguage\":\"en-US\"},{\"@type\":\"Organization\",\"@id\":\"https:\/\/loseproduction.com\/en\/#organization\",\"name\":\"Lose Production SL\",\"alternateName\":\"Lose Production\",\"url\":\"https:\/\/loseproduction.com\/en\/\",\"logo\":{\"@type\":\"ImageObject\",\"inLanguage\":\"en-US\",\"@id\":\"https:\/\/loseproduction.com\/en\/#\/schema\/logo\/image\/\",\"url\":\"https:\/\/loseproduction.com\/wp-content\/uploads\/2024\/01\/Lose-Production-Logotipo-1-1.png\",\"contentUrl\":\"https:\/\/loseproduction.com\/wp-content\/uploads\/2024\/01\/Lose-Production-Logotipo-1-1.png\",\"width\":595,\"height\":595,\"caption\":\"Lose Production SL\"},\"image\":{\"@id\":\"https:\/\/loseproduction.com\/en\/#\/schema\/logo\/image\/\"}}]}<\/script>\n<!-- \/ Yoast SEO plugin. -->","yoast_head_json":{"title":"Contact | Lose Production","description":"Compra Contact con Lose Production | Banco de semillas de marihuana con amplio cat\u00e1logo de productos. \u00a1Solicita informaci\u00f3n!","robots":{"index":"index","follow":"follow","max-snippet":"max-snippet:-1","max-image-preview":"max-image-preview:large","max-video-preview":"max-video-preview:-1"},"canonical":"https:\/\/loseproduction.com\/en\/contact\/","og_locale":"en_US","og_type":"article","og_title":"Contact | Lose Production","og_description":"Compra Contact con Lose Production | Banco de semillas de marihuana con amplio cat\u00e1logo de productos. \u00a1Solicita informaci\u00f3n!","og_url":"https:\/\/loseproduction.com\/en\/contact\/","og_site_name":"Lose Production","article_modified_time":"2024-07-01T10:57:28+00:00","og_image":[{"width":2560,"height":1707,"url":"https:\/\/loseproduction.com\/wp-content\/uploads\/2024\/03\/cannabis-marijuana-leaf-closeup-scaled.jpg","type":"image\/jpeg"}],"twitter_card":"summary_large_image","twitter_misc":{"Est. reading time":"1 minute"},"schema":{"@context":"https:\/\/schema.org","@graph":[{"@type":"WebPage","@id":"https:\/\/loseproduction.com\/en\/contact\/","url":"https:\/\/loseproduction.com\/en\/contact\/","name":"Contact | Lose Production","isPartOf":{"@id":"https:\/\/loseproduction.com\/en\/#website"},"datePublished":"2024-03-24T09:03:00+00:00","dateModified":"2024-07-01T10:57:28+00:00","description":"Compra Contact con Lose Production | Banco de semillas de marihuana con amplio cat\u00e1logo de productos. \u00a1Solicita informaci\u00f3n!","breadcrumb":{"@id":"https:\/\/loseproduction.com\/en\/contact\/#breadcrumb"},"inLanguage":"en-US","potentialAction":[{"@type":"ReadAction","target":["https:\/\/loseproduction.com\/en\/contact\/"]}]},{"@type":"BreadcrumbList","@id":"https:\/\/loseproduction.com\/en\/contact\/#breadcrumb","itemListElement":[{"@type":"ListItem","position":1,"name":"Portada","item":"https:\/\/loseproduction.com\/en\/"},{"@type":"ListItem","position":2,"name":"Contact"}]},{"@type":"WebSite","@id":"https:\/\/loseproduction.com\/en\/#website","url":"https:\/\/loseproduction.com\/en\/","name":"Lose Production: Banco de semillas de Marihuana","description":"Banco de semillas de Marihuana: Preservando la diversidad gen\u00e9tica del cannabis: Acceso garantizado a semillas de primera calidad en nuestro Banco de Semillas de Cannabis.","publisher":{"@id":"https:\/\/loseproduction.com\/en\/#organization"},"alternateName":"Lose Production","potentialAction":[{"@type":"SearchAction","target":{"@type":"EntryPoint","urlTemplate":"https:\/\/loseproduction.com\/en\/?s={search_term_string}"},"query-input":"required name=search_term_string"}],"inLanguage":"en-US"},{"@type":"Organization","@id":"https:\/\/loseproduction.com\/en\/#organization","name":"Lose Production SL","alternateName":"Lose Production","url":"https:\/\/loseproduction.com\/en\/","logo":{"@type":"ImageObject","inLanguage":"en-US","@id":"https:\/\/loseproduction.com\/en\/#\/schema\/logo\/image\/","url":"https:\/\/loseproduction.com\/wp-content\/uploads\/2024\/01\/Lose-Production-Logotipo-1-1.png","contentUrl":"https:\/\/loseproduction.com\/wp-content\/uploads\/2024\/01\/Lose-Production-Logotipo-1-1.png","width":595,"height":595,"caption":"Lose Production SL"},"image":{"@id":"https:\/\/loseproduction.com\/en\/#\/schema\/logo\/image\/"}}]}},"builder_content":"<h1>Contact<\/h1>\n<h4>email:<\/h4> <p><a href=\"mailto:Info@loseproduction.com\" target=\"_blank\" rel=\"noopener\">Info@loseproduction.com<\/a><\/p>\n[sc name=\"telefono-ingles\"][\/sc]\n<p style=\"text-align: center;\"><a href=\"https:\/\/api.whatsapp.com\/send?phone=34685720563&amp;text=\"> <button>Whatsapp<\/button><\/a><\/p>","_links":{"self":[{"href":"https:\/\/loseproduction.com\/en\/wp-json\/wp\/v2\/pages\/2305","targetHints":{"allow":["GET"]}}],"collection":[{"href":"https:\/\/loseproduction.com\/en\/wp-json\/wp\/v2\/pages"}],"about":[{"href":"https:\/\/loseproduction.com\/en\/wp-json\/wp\/v2\/types\/page"}],"author":[{"embeddable":true,"href":"https:\/\/loseproduction.com\/en\/wp-json\/wp\/v2\/users\/3"}],"replies":[{"embeddable":true,"href":"https:\/\/loseproduction.com\/en\/wp-json\/wp\/v2\/comments?post=2305"}],"version-history":[{"count":15,"href":"https:\/\/loseproduction.com\/en\/wp-json\/wp\/v2\/pages\/2305\/revisions"}],"predecessor-version":[{"id":2640,"href":"https:\/\/loseproduction.com\/en\/wp-json\/wp\/v2\/pages\/2305\/revisions\/2640"}],"wp:attachment":[{"href":"https:\/\/loseproduction.com\/en\/wp-json\/wp\/v2\/media?parent=2305"}],"curies":[{"name":"wp","href":"https:\/\/api.w.org\/{rel}","templated":true}]}}